{"id":145,"date":"2015-11-29T20:22:06","date_gmt":"2015-11-29T19:22:06","guid":{"rendered":"http:\/\/www.olivierchauveau.fr\/?page_id=145"},"modified":"2025-09-10T16:04:18","modified_gmt":"2025-09-10T15:04:18","slug":"ecole-improvisation-lyon-2","status":"publish","type":"page","link":"https:\/\/www.improetcompagnie.com\/wp_legacy\/","title":{"rendered":"Ecole"},"content":{"rendered":"\n<div class=\"wp-block-media-text alignwide has-media-on-the-right is-stacked-on-mobile is-vertically-aligned-center has-background\" style=\"background-color:#d13434\"><div class=\"wp-block-media-text__content\">\n<div class=\"wp-block-group is-layout-flow wp-block-group-is-layout-flow\" style=\"padding-top:2em;padding-right:2em;padding-bottom:2em;padding-left:2em\">\n<p class=\"has-ast-global-color-5-color has-text-color\" style=\"font-size:36px;line-height:1.2\"><strong>\u00ab\u00a0Les gens qui disent oui sont r\u00e9compens\u00e9s par les aventures qu&rsquo;ils vivent.\u00a0\u00bb<\/strong><\/p>\n\n\n\n<p class=\"has-ast-global-color-5-color has-text-color has-extra-small-font-size\">\u2013 Keith Johnstone<\/p>\n<\/div>\n<\/div><figure class=\"wp-block-media-text__media\"><img loading=\"lazy\" decoding=\"async\" width=\"1024\" height=\"746\" src=\"https:\/\/www.improetcompagnie.com\/wp-content\/uploads\/2024\/01\/Photo-groupe-eleves-1-1024x746.png\" alt=\"\" class=\"wp-image-3523 size-full\" srcset=\"https:\/\/www.improetcompagnie.com\/wp_legacy\/wp-content\/uploads\/2024\/01\/Photo-groupe-eleves-1-1024x746.png 1024w, https:\/\/www.improetcompagnie.com\/wp_legacy\/wp-content\/uploads\/2024\/01\/Photo-groupe-eleves-1-300x219.png 300w, https:\/\/www.improetcompagnie.com\/wp_legacy\/wp-content\/uploads\/2024\/01\/Photo-groupe-eleves-1-768x560.png 768w, https:\/\/www.improetcompagnie.com\/wp_legacy\/wp-content\/uploads\/2024\/01\/Photo-groupe-eleves-1.png 1268w\" sizes=\"auto, (max-width: 1024px) 100vw, 1024px\" \/><\/figure><\/div>\n\n\n\n<p class=\"has-text-align-center\"><\/p>\n\n\n\n<h2 class=\"wp-block-heading has-text-align-center has-ast-global-color-5-color has-text-color has-background\" style=\"background-color:#8a1515\">L&rsquo;ECOLE<\/h2>\n\n\n\n<div class=\"wp-block-columns is-layout-flex wp-container-core-columns-is-layout-28f84493 wp-block-columns-is-layout-flex\">\n<div class=\"wp-block-column is-layout-flow wp-block-column-is-layout-flow\" style=\"flex-basis:66.66%\">\n<p><span style=\"color: var(--ast-global-color-3); font-size: revert; background-color: var(--ast-global-color-5);\">Et Compagnie est une \u00e9cole d\u2019improvisation de r\u00e9f\u00e9rence \u00e0 Lyon. La profondeur du programme p\u00e9dagogique, l\u2019exp\u00e9rience des&nbsp;<\/span><strong style=\"color: var(--ast-global-color-3); font-size: revert; background-color: var(--ast-global-color-5);\">formateurs professionnels<\/strong><span style=\"color: var(--ast-global-color-3); font-size: revert; background-color: var(--ast-global-color-5);\">, vous permettra de suivre un enseignement de grande qualit\u00e9.<\/span><\/p>\n\n\n\n<p>Nos ateliers sont toujours tourn\u00e9s vers la <strong>notion de plaisir<\/strong> du jeu, individuel ou en groupe, que ce soit lors des <strong>cours hebdomadaires<\/strong> ou des <strong>stages d\u00e9couvertes.<\/strong><\/p>\n\n\n\n<p>Tout en vivant des <strong>moments divertissants et cr\u00e9atifs<\/strong>, vous serez initi\u00e9s aux <strong>techniques du com\u00e9dien<\/strong> : corps, voix, jeu, interpr\u00e9tation, etc. ainsi qu\u2019aux <strong>outils sp\u00e9cifiques de l\u2019improvisation <\/strong>: l\u2019imaginaire, la construction, la narration, l\u2019\u00e9coute, etc.<\/p>\n\n\n\n<p><strong>Lieu :<\/strong> La Girafe &#8211; 19 rue Sergent Blandan, 69002 Lyon.<\/p>\n\n\n\n<p><strong>Programme cours et offres :<\/strong> <br>\u2022 Un cours, un soir par semaine de septembre \u00e0 juin, hors vacances scolaires. <br>\u2022 3 spectacles par \u00e9l\u00e8ves dans notre caf\u00e9 th\u00e9\u00e2tre \u00ab\u00a0la Girafe\u00a0\u00bb, pour d\u00e9couvrir la sc\u00e8ne et son public.<br><\/p>\n\n\n\n<p><strong>\u00c2ge minimum :<\/strong> 18 ans<\/p>\n\n\n\n<p><strong>Tarif :<\/strong> 615\u20ac \/ an (possibilit\u00e9 de paiement en 3 fois)<\/p>\n\n\n\n<p><strong>Pourquoi un cours d&rsquo;essai gratuit ?<\/strong> Pour \u00eatre inscrit aux cours, il faut faire un cours d&rsquo;essai gratuit. Cela nous permet d&rsquo;\u00e9valuer votre niveau d&rsquo;impro et vous int\u00e9grer dans le cours qui vous correspond le mieux, que vous soyez un improvisateur chevronn\u00e9 ou totalement d\u00e9butant.<\/p>\n\n\n\n<p><strong>Contact et renseignement :<\/strong> julien.theresette@improetcompagnie.com. <\/p>\n<\/div>\n\n\n\n<div class=\"wp-block-column is-layout-flow wp-block-column-is-layout-flow\" style=\"flex-basis:33.33%\">\n<p class=\"has-text-align-center\" style=\"font-size:26px\"><strong>S&rsquo;inscrire aux cours d&rsquo;essai<\/strong><\/p>\n\n\n\n<a title=\"Vente de billets en ligne\" href=\"https:\/\/www.billetweb.fr\/shop.php?event=cours4\"  class=\"shop_frame\"  target=\"_blank\"  data-src=\"https:\/\/www.billetweb.fr\/shop.php?event=cours4\"  data-max-width=\"100%\"  data-initial-height=\"600\" data-scrolling=\"no\"  data-id=\"cours4\"  data-resize=\"1\">Vente de billets en ligne<\/a><script type=\"text\/javascript\" src=\"https:\/\/www.billetweb.fr\/js\/export.js\"><\/script>\n\n\n\n<div class=\"wp-block-group is-layout-flow wp-block-group-is-layout-flow\">\n<div class=\"wp-block-columns is-layout-flex wp-container-core-columns-is-layout-28f84493 wp-block-columns-is-layout-flex\">\n<div class=\"wp-block-column is-layout-flow wp-block-column-is-layout-flow\" style=\"flex-basis:100%\">\n<div class=\"wp-block-columns is-layout-flex wp-container-core-columns-is-layout-28f84493 wp-block-columns-is-layout-flex\">\n<div class=\"wp-block-column is-layout-flow wp-block-column-is-layout-flow\" style=\"flex-basis:100%\"><\/div>\n<\/div>\n<\/div>\n<\/div>\n<\/div>\n<\/div>\n<\/div>\n\n\n\n<div class=\"wp-block-columns alignwide is-layout-flex wp-container-core-columns-is-layout-d2da2050 wp-block-columns-is-layout-flex\" style=\"margin-bottom:0\">\n<div class=\"wp-block-column has-text-color has-background has-link-color wp-elements-2f65e7dda8f7478ee11801c4a779b833 is-layout-flow wp-block-column-is-layout-flow\" style=\"color:#000000;background-color:#f731315c;padding-top:2em;padding-right:2em;padding-bottom:2em;padding-left:2em\">\n<h2 class=\"wp-block-heading\" id=\"single\" style=\"font-size:30px\"><strong>Loisir <\/strong><br><strong>Niveau 1&nbsp;<\/strong><\/h2>\n\n\n\n<p class=\"has-black-color has-text-color has-normal-font-size\" style=\"line-height:1.5\"><strong>Exp\u00e9rience n\u00e9cessaire : aucune<\/strong><br><\/p>\n\n\n\n<hr class=\"wp-block-separator has-text-color has-css-opacity has-background is-style-wide\" style=\"background-color:#000000;color:#000000\"\/>\n\n\n\n<p class=\"has-black-color has-text-color\">Pour les \u00e9l\u00e8ves d\u00e9sirant privil\u00e9gier la d\u00e9couverte, la rencontre sociale, le plaisir d&rsquo;apprendre&#8230; L&rsquo;atelier Loisir est accessible \u00e0 tous, suite \u00e0 un cours d&rsquo;essai, quelque soit votre niveau. Il est ax\u00e9 sur des sc\u00e8nes courtes. Avoir d\u00e9j\u00e0 une exp\u00e9rience th\u00e9\u00e2trale n&rsquo;est pas n\u00e9cessaire. En plus des ateliers, chaque \u00e9l\u00e8ve se produira entre 2 et 3 fois sur sc\u00e8ne.<\/p>\n\n\n\n<p class=\"has-ast-global-color-8-color has-text-color\"><strong>Programme :<\/strong><\/p>\n\n\n\n<ul class=\"wp-block-list has-ast-global-color-8-color has-text-color\">\n<li>L\u00e2cher prise<\/li>\n\n\n\n<li>Co-construction<\/li>\n\n\n\n<li>Corps<\/li>\n\n\n\n<li>Jeux<\/li>\n<\/ul>\n\n\n\n<p class=\"has-ast-global-color-8-color has-text-color\"><strong>1 horaire possible :<\/strong><\/p>\n\n\n\n<p class=\"has-ast-global-color-8-color has-text-color\"><strong>Loisir Lundi : de 20h \u00e0 22h<\/strong><\/p>\n\n\n\n<p>.<\/p>\n\n\n\n<div class=\"wp-block-buttons is-content-justification-center is-layout-flex wp-container-core-buttons-is-layout-a89b3969 wp-block-buttons-is-layout-flex\">\n<div class=\"wp-block-button\"><a class=\"wp-block-button__link has-ast-global-color-7-background-color has-background wp-element-button\" href=\"https:\/\/www.billetweb.fr\/cours4\">Tarif : 615 \u20ac\/an<\/a><\/div>\n<\/div>\n\n\n\n<p class=\"has-ast-global-color-8-color has-text-color\"><strong><strong>Exp\u00e9rience n\u00e9cessaire :<\/strong> aucune !<\/strong><br><\/p>\n\n\n\n<p class=\"has-ast-global-color-8-color has-text-color\">Pour participer \u00e0 ces cours, vous devez vous inscrire \u00e0 un cours d&rsquo;essai (voir haut de page).<\/p>\n<\/div>\n\n\n\n<div class=\"wp-block-column has-text-color has-background has-link-color wp-elements-bbb60a5955515d017383c94e3000c11b is-layout-flow wp-block-column-is-layout-flow\" style=\"color:#000000;background-color:#f16868;padding-top:2em;padding-right:2em;padding-bottom:2em;padding-left:2em\">\n<h2 class=\"wp-block-heading has-black-color has-text-color\" id=\"single\" style=\"font-size:30px\"><strong><strong>Passion<\/strong><\/strong><br><strong><strong>Niveau 2<\/strong><\/strong><\/h2>\n\n\n\n<p class=\"has-black-color has-text-color has-normal-font-size\" style=\"line-height:1.5\"><strong><strong>Exp\u00e9rience n\u00e9cessaire :<\/strong> au moins 1 an d\u2019impro<\/strong><\/p>\n\n\n\n<hr class=\"wp-block-separator has-text-color has-css-opacity has-background is-style-wide\" style=\"background-color:#000000;color:#000000\"\/>\n\n\n\n<p class=\"has-black-color has-text-color\">Pour les \u00e9l\u00e8ves d\u00e9sirant un programme fun mais un peu plus exigeant&#8230; L&rsquo;atelier permettra notamment de d\u00e9couvrir les formats longs en impro et de travailler sa justesse de jeu. En plus des ateliers, les \u00e9l\u00e8ves se produisent chacun entre 2 et 3 fois sur sc\u00e8ne.<\/p>\n\n\n\n<p class=\"has-ast-global-color-8-color has-text-color\"><br><strong>Programme :<\/strong><\/p>\n\n\n\n<ul class=\"wp-block-list has-black-color has-text-color\">\n<li>Connexion de groupe<\/li>\n\n\n\n<li>Jouer juste<\/li>\n\n\n\n<li>rythmique format court et format long<\/li>\n\n\n\n<li>Mise en sc\u00e8ne<\/li>\n<\/ul>\n\n\n\n<p class=\"has-ast-global-color-8-color has-text-color\"><strong>2 horaires possibles :<\/strong><\/p>\n\n\n\n<p class=\"has-ast-global-color-8-color has-text-color\"><strong>Passion Mardi : de 18h \u00e0 20h<\/strong><\/p>\n\n\n\n<p class=\"has-ast-global-color-8-color has-text-color\"><strong>Passion mercredi : de 20h \u00e0 22h<\/strong><\/p>\n\n\n\n<div class=\"wp-block-buttons is-content-justification-center is-layout-flex wp-container-core-buttons-is-layout-a89b3969 wp-block-buttons-is-layout-flex\">\n<div class=\"wp-block-button\"><a class=\"wp-block-button__link has-ast-global-color-8-background-color has-background wp-element-button\" href=\"https:\/\/www.billetweb.fr\/cours4\">Tarif : 615 \u20ac\/an<\/a><\/div>\n<\/div>\n\n\n\n<p class=\"has-black-color has-text-color has-normal-font-size\" style=\"line-height:1.5\"><strong><strong>Exp\u00e9rience n\u00e9cessaire :<\/strong> au moins 1 an d\u2019impro<\/strong><\/p>\n\n\n\n<p class=\"has-ast-global-color-8-color has-text-color\">Pour participer \u00e0 ces cours, vous devez vous inscrire \u00e0 un cours d&rsquo;essai (voir haut de page).<\/p>\n<\/div>\n\n\n\n<div class=\"wp-block-column has-text-color has-background has-link-color wp-elements-9ba85e5fec0ed88809d4ec67eee1cc2e is-layout-flow wp-block-column-is-layout-flow\" style=\"color:#000000;background-color:#dc3838;padding-top:2em;padding-right:2em;padding-bottom:2em;padding-left:2em\">\n<h2 class=\"wp-block-heading has-black-color has-text-color\" id=\"single\" style=\"font-size:30px\"><strong><strong>Expert<\/strong><\/strong><br><strong><strong>Niveau 3<\/strong><\/strong><\/h2>\n\n\n\n<p class=\"has-black-color has-text-color has-normal-font-size\" style=\"line-height:1.5\"><strong><strong><strong>Exp\u00e9rience n\u00e9cessaire :<\/strong> au moins 2 ans d\u2019impro<\/strong><\/strong><\/p>\n\n\n\n<hr class=\"wp-block-separator has-text-color has-css-opacity has-background is-style-wide\" style=\"background-color:#000000;color:#000000\"\/>\n\n\n\n<p class=\"has-black-color has-text-color\">Ce niveau s\u2019adresse aux improvisateurs souhaitant approfondir leur pratique. Cette formule propose une vision compl\u00e8te de l\u2019improvisation avanc\u00e9e, tout en consolidant vos comp\u00e9tences et en diversifiant vos exp\u00e9riences sc\u00e9niques. En plus des ateliers, les \u00e9l\u00e8ves se produisent chacun entre 4 et 5 fois sur sc\u00e8ne.<br><\/p>\n\n\n\n<p class=\"has-ast-global-color-8-color has-text-color\"><strong>Programme :<\/strong><\/p>\n\n\n\n<ul class=\"wp-block-list has-ast-global-color-8-color has-text-color\">\n<li>D\u00e9velopper l&rsquo;interpr\u00e9tation<\/li>\n\n\n\n<li>Cr\u00e9ation\/observation du game<\/li>\n\n\n\n<li>Multiplier les univers de jeu<\/li>\n\n\n\n<li>Cr\u00e9ation de concept<\/li>\n<\/ul>\n\n\n\n<p class=\"has-black-color has-text-color\"><strong>1 horaires possible :<\/strong><\/p>\n\n\n\n<p class=\"has-ast-global-color-8-color has-text-color\">.<\/p>\n\n\n\n<p class=\"has-ast-global-color-8-color has-text-color\"><strong>Expert mercredi : de 18h \u00e0 20h<\/strong><\/p>\n\n\n\n<div class=\"wp-block-buttons is-content-justification-center is-layout-flex wp-container-core-buttons-is-layout-a89b3969 wp-block-buttons-is-layout-flex\">\n<div class=\"wp-block-button\"><a class=\"wp-block-button__link has-ast-global-color-8-background-color has-background wp-element-button\" href=\"https:\/\/www.billetweb.fr\/cours4\">Tarif : 615 \u20ac\/an<\/a><\/div>\n<\/div>\n\n\n\n<p class=\"has-ast-global-color-8-color has-text-color\"><strong><strong>Exp\u00e9rience n\u00e9cessaire :<\/strong> au moins 2 an d\u2019impro<\/strong><\/p>\n\n\n\n<p class=\"has-ast-global-color-8-color has-text-color\">Pour participer \u00e0 ces cours, vous devez vous inscrire \u00e0 un cours d&rsquo;essai (voir haut de page).<\/p>\n<\/div>\n<\/div>\n\n\n\n<h2 class=\"wp-block-heading has-text-align-center has-ast-global-color-5-color has-text-color has-background\" style=\"background-color:#8a1515\">LES STAGES<\/h2>\n\n\n\n<p class=\"has-text-align-center\">Et Compagnie propose des stages sur un ou deux jours durant les weekends, pour d\u00e9couvrir ou approfondir l&rsquo;improvisation par th\u00e9matique.<br><br>En cours de programmation&#8230;<br><\/p>\n\n\n\n<p class=\"has-text-align-center\"><\/p>\n\n\n\n<p><\/p>\n","protected":false},"excerpt":{"rendered":"<p>L&rsquo;ECOLE Et Compagnie est une \u00e9cole d\u2019improvisation de r\u00e9f\u00e9rence \u00e0 Lyon. La profondeur du programme p\u00e9dagogique, l\u2019exp\u00e9rience des&nbsp;formateurs professionnels, vous [&hellip;]<\/p>\n","protected":false},"author":1,"featured_media":0,"parent":0,"menu_order":0,"comment_status":"closed","ping_status":"closed","template":"","meta":{"_uag_custom_page_level_css":"","site-sidebar-layout":"no-sidebar","site-content-layout":"plain-container","ast-site-content-layout":"default","site-content-style":"default","site-sidebar-style":"default","ast-global-header-display":"","ast-banner-title-visibility":"","ast-main-header-display":"","ast-hfb-above-header-display":"","ast-hfb-below-header-display":"","ast-hfb-mobile-header-display":"","site-post-title":"disabled","ast-breadcrumbs-content":"","ast-featured-img":"disabled","footer-sml-layout":"","theme-transparent-header-meta":"","adv-header-id-meta":"","stick-header-meta":"","header-above-stick-meta":"","header-main-stick-meta":"","header-below-stick-meta":"","astra-migrate-meta-layouts":"default","ast-page-background-enabled":"default","ast-page-background-meta":{"desktop":{"background-color":"var(--ast-global-color-4)","background-image":"","background-repeat":"repeat","background-position":"center center","background-size":"auto","background-attachment":"scroll","background-type":"","background-media":"","overlay-type":"","overlay-color":"","overlay-opacity":"","overlay-gradient":""},"tablet":{"background-color":"","background-image":"","background-repeat":"repeat","background-position":"center center","background-size":"auto","background-attachment":"scroll","background-type":"","background-media":"","overlay-type":"","overlay-color":"","overlay-opacity":"","overlay-gradient":""},"mobile":{"background-color":"","background-image":"","background-repeat":"repeat","background-position":"center center","background-size":"auto","background-attachment":"scroll","background-type":"","background-media":"","overlay-type":"","overlay-color":"","overlay-opacity":"","overlay-gradient":""}},"ast-content-background-meta":{"desktop":{"background-color":"var(--ast-global-color-5)","background-image":"","background-repeat":"repeat","background-position":"center center","background-size":"auto","background-attachment":"scroll","background-type":"","background-media":"","overlay-type":"","overlay-color":"","overlay-opacity":"","overlay-gradient":""},"tablet":{"background-color":"var(--ast-global-color-5)","background-image":"","background-repeat":"repeat","background-position":"center center","background-size":"auto","background-attachment":"scroll","background-type":"","background-media":"","overlay-type":"","overlay-color":"","overlay-opacity":"","overlay-gradient":""},"mobile":{"background-color":"var(--ast-global-color-5)","background-image":"","background-repeat":"repeat","background-position":"center center","background-size":"auto","background-attachment":"scroll","background-type":"","background-media":"","overlay-type":"","overlay-color":"","overlay-opacity":"","overlay-gradient":""}},"footnotes":""},"class_list":["post-145","page","type-page","status-publish","hentry"],"uagb_featured_image_src":{"full":false,"thumbnail":false,"medium":false,"medium_large":false,"large":false,"1536x1536":false,"2048x2048":false},"uagb_author_info":{"display_name":"Olivier","author_link":"https:\/\/www.improetcompagnie.com\/wp_legacy\/author\/olivier\/"},"uagb_comment_info":0,"uagb_excerpt":"L&rsquo;ECOLE Et Compagnie est une \u00e9cole d\u2019improvisation de r\u00e9f\u00e9rence \u00e0 Lyon. La profondeur du programme p\u00e9dagogique, l\u2019exp\u00e9rience des&nbsp;formateurs professionnels, vous [&hellip;]","_links":{"self":[{"href":"https:\/\/www.improetcompagnie.com\/wp_legacy\/wp-json\/wp\/v2\/pages\/145","targetHints":{"allow":["GET"]}}],"collection":[{"href":"https:\/\/www.improetcompagnie.com\/wp_legacy\/wp-json\/wp\/v2\/pages"}],"about":[{"href":"https:\/\/www.improetcompagnie.com\/wp_legacy\/wp-json\/wp\/v2\/types\/page"}],"author":[{"embeddable":true,"href":"https:\/\/www.improetcompagnie.com\/wp_legacy\/wp-json\/wp\/v2\/users\/1"}],"replies":[{"embeddable":true,"href":"https:\/\/www.improetcompagnie.com\/wp_legacy\/wp-json\/wp\/v2\/comments?post=145"}],"version-history":[{"count":99,"href":"https:\/\/www.improetcompagnie.com\/wp_legacy\/wp-json\/wp\/v2\/pages\/145\/revisions"}],"predecessor-version":[{"id":3945,"href":"https:\/\/www.improetcompagnie.com\/wp_legacy\/wp-json\/wp\/v2\/pages\/145\/revisions\/3945"}],"wp:attachment":[{"href":"https:\/\/www.improetcompagnie.com\/wp_legacy\/wp-json\/wp\/v2\/media?parent=145"}],"curies":[{"name":"wp","href":"https:\/\/api.w.org\/{rel}","templated":true}]}}