{"id":2309,"date":"2015-12-22T09:55:17","date_gmt":"2015-12-22T08:55:17","guid":{"rendered":"http:\/\/www.olivierchauveau.fr\/?page_id=2309"},"modified":"2024-06-10T16:39:43","modified_gmt":"2024-06-10T15:39:43","slug":"theatre-improvisation-entreprise-2","status":"publish","type":"page","link":"https:\/\/www.improetcompagnie.com\/wp_legacy\/theatre-improvisation-entreprise-2\/","title":{"rendered":"Entreprise"},"content":{"rendered":"\n<div class=\"wp-block-media-text alignwide has-media-on-the-right is-stacked-on-mobile is-vertically-aligned-center has-vivid-red-background-color has-background\"><figure class=\"wp-block-media-text__media\"><img loading=\"lazy\" decoding=\"async\" width=\"1024\" height=\"764\" src=\"https:\/\/www.improetcompagnie.com\/wp-content\/uploads\/2024\/01\/385_6339-1024x764.png\" alt=\"\" class=\"wp-image-3597 size-full\" srcset=\"https:\/\/www.improetcompagnie.com\/wp_legacy\/wp-content\/uploads\/2024\/01\/385_6339-1024x764.png 1024w, https:\/\/www.improetcompagnie.com\/wp_legacy\/wp-content\/uploads\/2024\/01\/385_6339-300x224.png 300w, https:\/\/www.improetcompagnie.com\/wp_legacy\/wp-content\/uploads\/2024\/01\/385_6339-768x573.png 768w, https:\/\/www.improetcompagnie.com\/wp_legacy\/wp-content\/uploads\/2024\/01\/385_6339-1536x1146.png 1536w, https:\/\/www.improetcompagnie.com\/wp_legacy\/wp-content\/uploads\/2024\/01\/385_6339.png 2020w\" sizes=\"auto, (max-width: 1024px) 100vw, 1024px\" \/><\/figure><div class=\"wp-block-media-text__content\">\n<div class=\"wp-block-group is-layout-flow wp-block-group-is-layout-flow\" style=\"padding-top:2em;padding-right:2em;padding-bottom:2em;padding-left:2em\">\n<p class=\"has-ast-global-color-5-color has-text-color\" style=\"font-size:36px;line-height:1.2\"><strong>Formations de vos \u00e9quipes<\/strong><\/p>\n\n\n\n<p class=\"has-ast-global-color-5-color has-text-color\">Depuis 20 ans, Et Compagnie aide vos \u00e9quipes \u00e0 se souder et \u00e0 d\u00e9velopper leur soft skills gr\u00e2ce aux techniques d&rsquo;impro.<\/p>\n<\/div>\n<\/div><\/div>\n\n\n\n<div class=\"wp-block-columns alignwide is-layout-flex wp-container-core-columns-is-layout-d2da2050 wp-block-columns-is-layout-flex\" style=\"margin-bottom:0\">\n<div class=\"wp-block-column has-text-color has-background has-link-color wp-elements-e4b4cc3afc748621531778f2e7359dd1 is-layout-flow wp-block-column-is-layout-flow\" style=\"background-color:#f731315c;color:#000000;padding-top:2em;padding-right:2em;padding-bottom:2em;padding-left:2em\">\n<h2 class=\"wp-block-heading has-ast-global-color-8-color has-text-color\" id=\"single\" style=\"font-size:28px\"><strong>Teambuilding<\/strong><\/h2>\n\n\n\n<p class=\"has-ast-global-color-8-color has-text-color has-normal-font-size\" style=\"line-height:1.5\"><strong><strong>Pour se rencontrer et cr\u00e9er des souvenirs<\/strong> <strong>inoubliables<\/strong><\/strong><\/p>\n\n\n\n<hr class=\"wp-block-separator has-text-color has-css-opacity has-background is-style-wide\" style=\"background-color:#000000;color:#000000\"\/>\n\n\n\n<p class=\"has-ast-global-color-8-color has-text-color\">Un v\u00e9ritable atelier d\u2019improvisation ludique pour vos collaborateurs. Une Bouff\u00e9e d\u2019oxyg\u00e8ne pendant votre s\u00e9minaire ou un outil pour soudes vos \u00e9quipes !<\/p>\n\n\n\n<div class=\"wp-block-buttons alignfull is-horizontal is-content-justification-center is-layout-flex wp-container-core-buttons-is-layout-03627597 wp-block-buttons-is-layout-flex\">\n<div class=\"wp-block-button\"><a class=\"wp-block-button__link has-ast-global-color-8-background-color has-background\" href=\"mailto:contact@improetcompagnie.com?cc=arnaud.pierre@improetcompagnie.com&amp;subject=Demande%20de%20renseignements%20pour%20un%20team%20building&amp;body=Bonjour,%0AJe%20souhaiterais%20des%20renseignements%20ou%20un%20devis%20pour%20un%20teambuilding.%20Voici%20les%20d\u00e9tails%20:%0AEntreprise%20:%0ADate%20:%0ANombre%20de%20participants%20:%0ADur\u00e9e%20envisag\u00e9e%20:%0AJe%20souhaiterais%20un%20devis%20:%20oui%20\/%20non%0AAutres%20pr\u00e9cisions%20:\">Demander un devis ou un renseignement<\/a><\/div>\n<\/div>\n<\/div>\n\n\n\n<div class=\"wp-block-column has-text-color has-background has-link-color wp-elements-5f3ba9d1fc0c26a965e4ab6ef2d625b5 is-layout-flow wp-block-column-is-layout-flow\" style=\"background-color:#f16868;color:#000000;padding-top:2em;padding-right:2em;padding-bottom:2em;padding-left:2em\">\n<h2 class=\"wp-block-heading has-ast-global-color-8-color has-text-color\" id=\"family\" style=\"font-size:28px\"><strong>Prise de parole<br>en public<\/strong><\/h2>\n\n\n\n<p class=\"has-ast-global-color-8-color has-text-color has-normal-font-size\" style=\"line-height:1.5\"><strong><strong>Pour transformer vos pr\u00e9sentations<\/strong><\/strong><\/p>\n\n\n\n<hr class=\"wp-block-separator has-text-color has-ast-global-color-8-color has-alpha-channel-opacity has-ast-global-color-8-background-color has-background is-style-wide\"\/>\n\n\n\n<p class=\"has-ast-global-color-8-color has-text-color\">Apprendre les bases de l\u2019expression orale gr\u00e2ce aux pratiques th\u00e9\u00e2trales.<br>Am\u00e9liorer sa confiance en soi, ses pr\u00e9sentations et son adaptabilit\u00e9. Une bouff\u00e9e d\u2019oxyg\u00e8ne pour les participants !<\/p>\n\n\n\n<div class=\"wp-block-buttons alignfull is-horizontal is-content-justification-center is-layout-flex wp-container-core-buttons-is-layout-03627597 wp-block-buttons-is-layout-flex\">\n<div class=\"wp-block-button\"><a class=\"wp-block-button__link has-ast-global-color-8-background-color has-background\" href=\"mailto:contact@improetcompagnie.com?cc=arnaud.pierre@improetcompagnie.com&amp;subject=Demande pour un atelier Prise de parole en public&amp;body=Bonjour, Je souhaiterais des renseignements ou un devis pour un atelier prise de parole en public. Voici les d\u00e9tails :%0A Entreprise :%0A Date :%0A Nombre de participants :%0A Dur\u00e9e envisag\u00e9e :%0A Je souhaiterais un devis : oui \/ non%0A Autres pr\u00e9cisions :\">Demander un devis ou un renseignement<\/a><\/div>\n<\/div>\n<\/div>\n\n\n\n<div class=\"wp-block-column has-text-color has-background has-link-color wp-elements-99f754e7b75c3483b8f9e40e25323b03 is-layout-flow wp-block-column-is-layout-flow\" style=\"background-color:#dc3838;color:#000000;padding-top:2em;padding-right:2em;padding-bottom:2em;padding-left:2em\">\n<h2 class=\"wp-block-heading has-ast-global-color-8-color has-text-color\" id=\"patron\" style=\"font-size:28px\"><strong>Techniques de<br>communication<\/strong><\/h2>\n\n\n\n<p class=\"has-ast-global-color-8-color has-text-color has-normal-font-size\"><strong>Pour des \u00e9changes plus efficaces<\/strong><\/p>\n\n\n\n<hr class=\"wp-block-separator has-text-color has-ast-global-color-8-color has-alpha-channel-opacity has-ast-global-color-8-background-color has-background is-style-wide\"\/>\n\n\n\n<p class=\"has-ast-global-color-8-color has-text-color\">Ma\u00eetriser les techniques de communication pour avoir des \u00e9quipes plus<br>efficaces.<br>Tr\u00e8s utile pour \u00e9liminer les m\u00e9sententes et les pertes d\u2019informations.<\/p>\n\n\n\n<div class=\"wp-block-buttons alignfull is-horizontal is-content-justification-center is-layout-flex wp-container-core-buttons-is-layout-03627597 wp-block-buttons-is-layout-flex\">\n<div class=\"wp-block-button\"><a class=\"wp-block-button__link has-ast-global-color-8-background-color has-background\" href=\"mailto:contact@improetcompagnie.com?cc=arnaud.pierre@improetcompagnie.com&amp;subject=Demande pour un atelier techniques de communication&amp;body=Bonjour, Je souhaiterais des renseignements ou un devis pour un atelier sur les techniques de communication. Voici les d\u00e9tails :%0A Entreprise :%0A Date : Nombre de participants :%0A Dur\u00e9e envisag\u00e9e :%0A Je souhaiterais un devis : oui \/ non%0A Autres pr\u00e9cisions :\">Demander un devis ou un renseignement<\/a><\/div>\n<\/div>\n<\/div>\n\n\n\n<div class=\"wp-block-column has-text-color has-background has-link-color wp-elements-4511f8811eb90d5db253fad249ce8183 is-layout-flow wp-block-column-is-layout-flow\" style=\"background-color:#bc1d1d;color:#000000;padding-top:2em;padding-right:2em;padding-bottom:2em;padding-left:2em\">\n<h2 class=\"wp-block-heading has-ast-global-color-8-color has-text-color\" id=\"patron\" style=\"font-size:28px\"><strong>Booster<br>vos ventes<\/strong><\/h2>\n\n\n\n<p class=\"has-ast-global-color-8-color has-text-color has-normal-font-size\"><strong>Pour vos \u00e9quipes commerciales<\/strong><\/p>\n\n\n\n<hr class=\"wp-block-separator has-text-color has-ast-global-color-8-color has-alpha-channel-opacity has-ast-global-color-8-background-color has-background is-style-wide\"\/>\n\n\n\n<p class=\"has-ast-global-color-8-color has-text-color\">Une formation pour vos \u00e9quipes commerciales bas\u00e9e sur des techniques \u00e9prouv\u00e9es venues droit des \u00c9tats-Unis.<br>Ou comment s\u00e9duire un prospect comme on s\u00e9duit un public\u2026<\/p>\n\n\n\n<div class=\"wp-block-buttons alignfull is-horizontal is-content-justification-center is-layout-flex wp-container-core-buttons-is-layout-03627597 wp-block-buttons-is-layout-flex\">\n<div class=\"wp-block-button\"><a class=\"wp-block-button__link has-ast-global-color-8-background-color has-background\" href=\"mailto:contact@improetcompagnie.com?cc=arnaud.pierre@improetcompagnie.com&amp;subject=Demande de renseignements pour un atelier Booster vos ventes&amp;body=Bonjour, Je souhaiterais des renseignements ou un devis pour un atelier Booster vos ventes de communication. Voici les d\u00e9tails :%0A Entreprise :%0A Date : Nombre de participants :%0A Dur\u00e9e envisag\u00e9e :%0A Je souhaiterais un devis : oui \/ non%0A Autres pr\u00e9cisions :\">Demander un devis ou un renseignement<\/a><\/div>\n<\/div>\n<\/div>\n<\/div>\n\n\n\n<div class=\"wp-block-file\"><a id=\"wp-block-file--media-ddae0880-976c-4b80-94cf-40483fc16afd\" href=\"https:\/\/www.improetcompagnie.com\/wp-content\/uploads\/2024\/06\/Formation-entreprise-scaled.jpg\">T\u00e9l\u00e9charger la plaquete de nos formations entreprise<\/a><a href=\"https:\/\/www.improetcompagnie.com\/wp-content\/uploads\/2024\/06\/Formation-entreprise-scaled.jpg\" class=\"wp-block-file__button\" download aria-describedby=\"wp-block-file--media-ddae0880-976c-4b80-94cf-40483fc16afd\">T\u00e9l\u00e9charger<\/a><\/div>\n\n\n\n<div class=\"wp-block-media-text alignwide is-stacked-on-mobile is-vertically-aligned-center has-vivid-red-background-color has-background\"><figure class=\"wp-block-media-text__media\"><img loading=\"lazy\" decoding=\"async\" width=\"800\" height=\"450\" src=\"https:\/\/www.improetcompagnie.com\/wp-content\/uploads\/2024\/01\/photo-3.png\" alt=\"\" class=\"wp-image-3605 size-full\" srcset=\"https:\/\/www.improetcompagnie.com\/wp_legacy\/wp-content\/uploads\/2024\/01\/photo-3.png 800w, https:\/\/www.improetcompagnie.com\/wp_legacy\/wp-content\/uploads\/2024\/01\/photo-3-300x169.png 300w, https:\/\/www.improetcompagnie.com\/wp_legacy\/wp-content\/uploads\/2024\/01\/photo-3-768x432.png 768w\" sizes=\"auto, (max-width: 800px) 100vw, 800px\" \/><\/figure><div class=\"wp-block-media-text__content\">\n<div class=\"wp-block-group is-layout-flow wp-block-group-is-layout-flow\" style=\"padding-top:2em;padding-right:2em;padding-bottom:2em;padding-left:2em\">\n<p class=\"has-ast-global-color-5-color has-text-color\" style=\"font-size:36px;line-height:1.2\"><strong>Spectacles pour votre entreprise<\/strong><\/p>\n\n\n\n<p class=\"has-ast-global-color-5-color has-text-color has-extra-small-font-size\">Nos com\u00e9diens et com\u00e9diennes cr\u00e9ent des sc\u00e8nes et des spectacles pour tout types d\u2019\u00e9v\u00e8nements en entreprise (congr\u00e8s, team building, s\u00e9minaire, etc).<\/p>\n<\/div>\n<\/div><\/div>\n\n\n\n<div class=\"wp-block-columns alignwide is-layout-flex wp-container-core-columns-is-layout-d2da2050 wp-block-columns-is-layout-flex\" style=\"margin-bottom:0\">\n<div class=\"wp-block-column has-text-color has-background has-link-color wp-elements-c82718a82ee8ddf229a4b36f14106e44 is-layout-flow wp-block-column-is-layout-flow\" style=\"background-color:#f731315c;color:#000000;padding-top:2em;padding-right:2em;padding-bottom:2em;padding-left:2em\">\n<h2 class=\"wp-block-heading has-ast-global-color-8-color has-text-color\" id=\"single\" style=\"font-size:28px\"><strong>Spectacle sur mesure<\/strong><\/h2>\n\n\n\n<p class=\"has-ast-global-color-8-color has-text-color has-normal-font-size\" style=\"line-height:1.5\"><strong><strong>Pour se rencontrer et cr\u00e9er des souvenirs<\/strong> <strong>inoubliables<\/strong><\/strong><\/p>\n\n\n\n<hr class=\"wp-block-separator has-text-color has-css-opacity has-background is-style-wide\" style=\"background-color:#000000;color:#000000\"\/>\n\n\n\n<p class=\"has-ast-global-color-8-color has-text-color\">Avec pr\u00e8s de 5000 spectacles \u00e0 son actif, Et Compagnie vous propose de cr\u00e9er votre propre spectacle avec ses com\u00e9diens professionnels.<\/p>\n\n\n\n<div class=\"wp-block-buttons alignfull is-horizontal is-content-justification-center is-layout-flex wp-container-core-buttons-is-layout-03627597 wp-block-buttons-is-layout-flex\">\n<div class=\"wp-block-button\"><a class=\"wp-block-button__link has-ast-global-color-8-background-color has-background\" href=\"mailto:contact@improetcompagnie.com?cc=arnaud.pierre@improetcompagnie.com&amp;subject=Demande%20de%20renseignements%20pour%20un%20spectacle%20sur mesure&amp;body=Bonjour,%0AJe%20souhaiterais%20des%20renseignements%20ou%20un%20devis%20pour%20un%20spectacle%20sur%20mesure.%20Voici%20les%20d\u00e9tails%20:%0AOrganisme%20:%0ADate%20:%0ATh\u00e8me%20du%20spectacle%20:%0ADur\u00e9e%20envisag\u00e9e%20:%0AJe%20souhaiterais%20un%20devis%20:%20oui%20\/%20non%0AAutres%20pr\u00e9cisions%20:\">Demander un devis ou un renseignement<\/a><\/div>\n<\/div>\n<\/div>\n\n\n\n<div class=\"wp-block-column has-text-color has-background has-link-color wp-elements-47d25752676388734ab2a8f9b7cba895 is-layout-flow wp-block-column-is-layout-flow\" style=\"background-color:#f16868;color:#000000;padding-top:2em;padding-right:2em;padding-bottom:2em;padding-left:2em\">\n<h2 class=\"wp-block-heading has-ast-global-color-8-color has-text-color\" id=\"family\" style=\"font-size:28px\"><strong>Restitution<\/strong><\/h2>\n\n\n\n<p class=\"has-ast-global-color-8-color has-text-color has-normal-font-size\" style=\"line-height:1.5\"><strong><strong>Pour transformer vos pr\u00e9sentations<\/strong><\/strong><\/p>\n\n\n\n<hr class=\"wp-block-separator has-text-color has-ast-global-color-8-color has-alpha-channel-opacity has-ast-global-color-8-background-color has-background is-style-wide\"\/>\n\n\n\n<p class=\"has-ast-global-color-8-color has-text-color\">Nous cl\u00f4turons de mani\u00e8re d\u00e9cal\u00e9e, en direct, les informations dispens\u00e9es durant vos interventions. Ou comment apporter un vrai moment de d\u00e9tente tout en ancrant le message de votre discours.<\/p>\n\n\n\n<div class=\"wp-block-buttons alignfull is-horizontal is-content-justification-center is-layout-flex wp-container-core-buttons-is-layout-03627597 wp-block-buttons-is-layout-flex\">\n<div class=\"wp-block-button\"><a class=\"wp-block-button__link has-ast-global-color-8-background-color has-background\" href=\"mailto:contact@improetcompagnie.com?cc=arnaud.pierre@improetcompagnie.com&amp;subject=Demande%20de%20renseignements%20pour%20une%20Restitution&amp;body=Bonjour,%0AJe%20souhaiterais%20des%20renseignements%20ou%20un%20devis%20pour%20une%20Restitution.%20Voici%20les%20d\u00e9tails%20:%0AOrganisme%20:%0ADate%20:%0AContexte%20de%20la%20Restitution%20:%0ADur\u00e9e%20envisag\u00e9e%20:%0AJe%20souhaiterais%20un%20devis%20:%20oui%20\/%20non%0AAutres%20pr\u00e9cisions%20:\">Demander un devis ou un renseignement<\/a><\/div>\n<\/div>\n<\/div>\n\n\n\n<div class=\"wp-block-column has-text-color has-background has-link-color wp-elements-517a47e21645c10d1d21e28de8c3c90b is-layout-flow wp-block-column-is-layout-flow\" style=\"background-color:#dc3838;color:#000000;padding-top:2em;padding-right:2em;padding-bottom:2em;padding-left:2em\">\n<h2 class=\"wp-block-heading has-ast-global-color-8-color has-text-color\" id=\"patron\" style=\"font-size:28px\"><strong>Th\u00e9\u00e2tre Forum<\/strong><\/h2>\n\n\n\n<p class=\"has-ast-global-color-8-color has-text-color has-normal-font-size\"><strong>Pour des \u00e9changes plus efficaces<\/strong><\/p>\n\n\n\n<hr class=\"wp-block-separator has-text-color has-ast-global-color-8-color has-alpha-channel-opacity has-ast-global-color-8-background-color has-background is-style-wide\"\/>\n\n\n\n<p class=\"has-ast-global-color-8-color has-text-color\">Une formation pour vos \u00e9quipes commerciales bas\u00e9e sur des techniques \u00e9prouv\u00e9es venues droit des \u00c9tats-Unis.<br>Ou comment s\u00e9duire un prospect comme on s\u00e9duit un public\u2026<\/p>\n\n\n\n<div class=\"wp-block-buttons alignfull is-horizontal is-content-justification-center is-layout-flex wp-container-core-buttons-is-layout-03627597 wp-block-buttons-is-layout-flex\">\n<div class=\"wp-block-button\"><a class=\"wp-block-button__link has-ast-global-color-8-background-color has-background\" href=\"mailto:contact@improetcompagnie.com?cc=arnaud.pierre@improetcompagnie.com&amp;subject=Demande%20de%20renseignements%20pour%20du%20Th\u00e9\u00e2tre Forum&amp;body=Bonjour,%0AJe%20souhaiterais%20des%20renseignements%20ou%20un%20devis%20pour%20du%20Th\u00e9\u00e2tre%20Forum.%20Voici%20les%20d\u00e9tails%20:%0AOrganisme%20:%0ADate%20:%0ATh\u00e8me%20du%20Th\u00e9\u00e2tre%20Forum%20:%0ADur\u00e9e%20envisag\u00e9e%20:%0AJe%20souhaiterais%20un%20devis%20:%20oui%20\/%20non%0AAutres%20pr\u00e9cisions%20:\">Demander un devis ou un renseignement<\/a><\/div>\n<\/div>\n<\/div>\n\n\n\n<div class=\"wp-block-column has-text-color has-background has-link-color wp-elements-5a189248007d7fd50249c9b1b3b4090f is-layout-flow wp-block-column-is-layout-flow\" style=\"background-color:#bc1d1d;color:#000000;padding-top:2em;padding-right:2em;padding-bottom:2em;padding-left:2em\">\n<h2 class=\"wp-block-heading has-ast-global-color-8-color has-text-color\" id=\"patron\" style=\"font-size:28px\"><strong>Vid\u00e9os sur mesure<\/strong><\/h2>\n\n\n\n<p class=\"has-ast-global-color-8-color has-text-color has-normal-font-size\"><strong>Pour promouvoir votre entreprise<\/strong><\/p>\n\n\n\n<hr class=\"wp-block-separator has-text-color has-ast-global-color-8-color has-alpha-channel-opacity has-ast-global-color-8-background-color has-background is-style-wide\"\/>\n\n\n\n<p class=\"has-ast-global-color-8-color has-text-color\">Et Compagnie r\u00e9alise des vid\u00e9os courtes sur-mesure afin de promouvoir de mani\u00e8re d\u00e9cal\u00e9e un de vos produits ou services. De l\u2019\u00e9criture au tournage en passant par le montage, vous n\u2019aurez plus qu\u2019\u00e0 les diffuser sur vos r\u00e9seaux !<\/p>\n\n\n\n<div class=\"wp-block-buttons alignfull is-horizontal is-content-justification-center is-layout-flex wp-container-core-buttons-is-layout-03627597 wp-block-buttons-is-layout-flex\">\n<div class=\"wp-block-button\"><a class=\"wp-block-button__link has-ast-global-color-8-background-color has-background\" href=\"mailto:contact@improetcompagnie.com?cc=arnaud.pierre@improetcompagnie.com&amp;subject=Demande%20de%20renseignements%20pour%20des%20Vid\u00e9os%20sur%20mesure&amp;body=Bonjour,%0AJe%20souhaiterais%20des%20renseignements%20ou%20un%20devis%20pour%20des%20vid\u00e9os%20sur%20mesure.%20Voici%20les%20d\u00e9tails%20:%0AOrganisme%20:%0ADate%20:%0ATh\u00e8me%20des%20vid\u00e9os:%0ADur\u00e9e%20des%20vid\u00e9os%20:%0AJe%20souhaiterais%20un%20devis%20:%20oui%20\/%20non%0AAutres%20pr\u00e9cisions%20:\">Demander un devis ou un renseignement<\/a><\/div>\n<\/div>\n<\/div>\n<\/div>\n\n\n\n<div class=\"wp-block-file\"><a id=\"wp-block-file--media-ddae0880-976c-4b80-94cf-40483fc16afd\" href=\"https:\/\/www.improetcompagnie.com\/wp-content\/uploads\/2024\/06\/Spectacles-entreprise-scaled.jpg\">T\u00e9l\u00e9chargez la plaquette de nos spectacles entreprise<\/a><a href=\"https:\/\/www.improetcompagnie.com\/wp-content\/uploads\/2024\/06\/Spectacles-entreprise-scaled.jpg\" class=\"wp-block-file__button\" download aria-describedby=\"wp-block-file--media-ddae0880-976c-4b80-94cf-40483fc16afd\">T\u00e9l\u00e9charger<\/a><\/div>\n\n\n\n<h2 class=\"has-text-align-center wp-block-heading\">Ils nous font confiance :<\/h2>\n\n\n\n<figure class=\"wp-block-image size-large is-resized\"><a href=\"https:\/\/www.improetcompagnie.com\/wp-content\/uploads\/2024\/01\/bande-logo.jpg\"><img loading=\"lazy\" decoding=\"async\" src=\"https:\/\/www.improetcompagnie.com\/wp-content\/uploads\/2024\/01\/bande-logo-1024x331.jpg\" alt=\"\" class=\"wp-image-3639\" width=\"1201\" height=\"388\" srcset=\"https:\/\/www.improetcompagnie.com\/wp_legacy\/wp-content\/uploads\/2024\/01\/bande-logo-1024x331.jpg 1024w, https:\/\/www.improetcompagnie.com\/wp_legacy\/wp-content\/uploads\/2024\/01\/bande-logo-300x97.jpg 300w, https:\/\/www.improetcompagnie.com\/wp_legacy\/wp-content\/uploads\/2024\/01\/bande-logo-768x248.jpg 768w, https:\/\/www.improetcompagnie.com\/wp_legacy\/wp-content\/uploads\/2024\/01\/bande-logo-1536x497.jpg 1536w, https:\/\/www.improetcompagnie.com\/wp_legacy\/wp-content\/uploads\/2024\/01\/bande-logo-2048x662.jpg 2048w\" sizes=\"auto, (max-width: 1201px) 100vw, 1201px\" \/><\/a><\/figure>\n","protected":false},"excerpt":{"rendered":"<p>Teambuilding Pour se rencontrer et cr\u00e9er des souvenirs inoubliables Un v\u00e9ritable atelier d\u2019improvisation ludique pour vos collaborateurs. Une Bouff\u00e9e d\u2019oxyg\u00e8ne [&hellip;]<\/p>\n","protected":false},"author":1,"featured_media":0,"parent":0,"menu_order":0,"comment_status":"closed","ping_status":"closed","template":"","meta":{"_uag_custom_page_level_css":"","site-sidebar-layout":"default","site-content-layout":"","ast-site-content-layout":"default","site-content-style":"default","site-sidebar-style":"default","ast-global-header-display":"","ast-banner-title-visibility":"","ast-main-header-display":"","ast-hfb-above-header-display":"","ast-hfb-below-header-display":"","ast-hfb-mobile-header-display":"","site-post-title":"disabled","ast-breadcrumbs-content":"","ast-featured-img":"","footer-sml-layout":"","theme-transparent-header-meta":"","adv-header-id-meta":"","stick-header-meta":"","header-above-stick-meta":"","header-main-stick-meta":"","header-below-stick-meta":"","astra-migrate-meta-layouts":"default","ast-page-background-enabled":"default","ast-page-background-meta":{"desktop":{"background-color":"var(--ast-global-color-4)","background-image":"","background-repeat":"repeat","background-position":"center center","background-size":"auto","background-attachment":"scroll","background-type":"","background-media":"","overlay-type":"","overlay-color":"","overlay-opacity":"","overlay-gradient":""},"tablet":{"background-color":"","background-image":"","background-repeat":"repeat","background-position":"center center","background-size":"auto","background-attachment":"scroll","background-type":"","background-media":"","overlay-type":"","overlay-color":"","overlay-opacity":"","overlay-gradient":""},"mobile":{"background-color":"","background-image":"","background-repeat":"repeat","background-position":"center center","background-size":"auto","background-attachment":"scroll","background-type":"","background-media":"","overlay-type":"","overlay-color":"","overlay-opacity":"","overlay-gradient":""}},"ast-content-background-meta":{"desktop":{"background-color":"var(--ast-global-color-5)","background-image":"","background-repeat":"repeat","background-position":"center center","background-size":"auto","background-attachment":"scroll","background-type":"","background-media":"","overlay-type":"","overlay-color":"","overlay-opacity":"","overlay-gradient":""},"tablet":{"background-color":"var(--ast-global-color-5)","background-image":"","background-repeat":"repeat","background-position":"center center","background-size":"auto","background-attachment":"scroll","background-type":"","background-media":"","overlay-type":"","overlay-color":"","overlay-opacity":"","overlay-gradient":""},"mobile":{"background-color":"var(--ast-global-color-5)","background-image":"","background-repeat":"repeat","background-position":"center center","background-size":"auto","background-attachment":"scroll","background-type":"","background-media":"","overlay-type":"","overlay-color":"","overlay-opacity":"","overlay-gradient":""}},"footnotes":""},"class_list":["post-2309","page","type-page","status-publish","hentry"],"uagb_featured_image_src":{"full":false,"thumbnail":false,"medium":false,"medium_large":false,"large":false,"1536x1536":false,"2048x2048":false},"uagb_author_info":{"display_name":"Olivier","author_link":"https:\/\/www.improetcompagnie.com\/wp_legacy\/author\/olivier\/"},"uagb_comment_info":0,"uagb_excerpt":"Teambuilding Pour se rencontrer et cr\u00e9er des souvenirs inoubliables Un v\u00e9ritable atelier d\u2019improvisation ludique pour vos collaborateurs. Une Bouff\u00e9e d\u2019oxyg\u00e8ne [&hellip;]","_links":{"self":[{"href":"https:\/\/www.improetcompagnie.com\/wp_legacy\/wp-json\/wp\/v2\/pages\/2309","targetHints":{"allow":["GET"]}}],"collection":[{"href":"https:\/\/www.improetcompagnie.com\/wp_legacy\/wp-json\/wp\/v2\/pages"}],"about":[{"href":"https:\/\/www.improetcompagnie.com\/wp_legacy\/wp-json\/wp\/v2\/types\/page"}],"author":[{"embeddable":true,"href":"https:\/\/www.improetcompagnie.com\/wp_legacy\/wp-json\/wp\/v2\/users\/1"}],"replies":[{"embeddable":true,"href":"https:\/\/www.improetcompagnie.com\/wp_legacy\/wp-json\/wp\/v2\/comments?post=2309"}],"version-history":[{"count":19,"href":"https:\/\/www.improetcompagnie.com\/wp_legacy\/wp-json\/wp\/v2\/pages\/2309\/revisions"}],"predecessor-version":[{"id":3791,"href":"https:\/\/www.improetcompagnie.com\/wp_legacy\/wp-json\/wp\/v2\/pages\/2309\/revisions\/3791"}],"wp:attachment":[{"href":"https:\/\/www.improetcompagnie.com\/wp_legacy\/wp-json\/wp\/v2\/media?parent=2309"}],"curies":[{"name":"wp","href":"https:\/\/api.w.org\/{rel}","templated":true}]}}