{"id":3799,"date":"2024-08-19T14:05:47","date_gmt":"2024-08-19T13:05:47","guid":{"rendered":"https:\/\/www.improetcompagnie.com\/?page_id=3799"},"modified":"2024-09-24T19:46:26","modified_gmt":"2024-09-24T18:46:26","slug":"location-local","status":"publish","type":"page","link":"https:\/\/www.improetcompagnie.com\/wp_legacy\/location-local\/","title":{"rendered":"Louer notre local"},"content":{"rendered":"\n<div class=\"wp-block-group alignfull has-text-color has-background is-layout-flow wp-block-group-is-layout-flow\" style=\"color:#000000;background-color:#ffffff\">\n<h3 class=\"wp-block-heading has-text-align-center\" id=\"schedule-a-visit\" style=\"font-size:40px;line-height:1.15\"><strong>LOUER NOTRE LOCAL<\/strong><\/h3>\n\n\n\n<div class=\"wp-block-group is-horizontal is-nowrap is-layout-flex wp-container-core-group-is-layout-edc3bc78 wp-block-group-is-layout-flex\">\n<figure class=\"wp-block-gallery has-nested-images columns-2 is-cropped wp-block-gallery-1 is-layout-flex wp-block-gallery-is-layout-flex\">\n<figure class=\"wp-block-image size-large\"><a href=\"https:\/\/www.improetcompagnie.com\/wp-content\/uploads\/2024\/08\/20240819_150529-scaled.jpg\"><img loading=\"lazy\" decoding=\"async\" width=\"1024\" height=\"577\" data-id=\"3819\" src=\"https:\/\/www.improetcompagnie.com\/wp-content\/uploads\/2024\/08\/20240819_150529-1024x577.jpg\" alt=\"\" class=\"wp-image-3819\" srcset=\"https:\/\/www.improetcompagnie.com\/wp_legacy\/wp-content\/uploads\/2024\/08\/20240819_150529-1024x577.jpg 1024w, https:\/\/www.improetcompagnie.com\/wp_legacy\/wp-content\/uploads\/2024\/08\/20240819_150529-300x169.jpg 300w, https:\/\/www.improetcompagnie.com\/wp_legacy\/wp-content\/uploads\/2024\/08\/20240819_150529-768x432.jpg 768w, https:\/\/www.improetcompagnie.com\/wp_legacy\/wp-content\/uploads\/2024\/08\/20240819_150529-1536x865.jpg 1536w, https:\/\/www.improetcompagnie.com\/wp_legacy\/wp-content\/uploads\/2024\/08\/20240819_150529-2048x1153.jpg 2048w\" sizes=\"auto, (max-width: 1024px) 100vw, 1024px\" \/><\/a><\/figure>\n\n\n\n<figure class=\"wp-block-image size-large\"><a href=\"https:\/\/www.improetcompagnie.com\/wp-content\/uploads\/2024\/08\/20240819_151702-scaled.jpg\"><img loading=\"lazy\" decoding=\"async\" width=\"1024\" height=\"577\" data-id=\"3822\" src=\"https:\/\/www.improetcompagnie.com\/wp-content\/uploads\/2024\/08\/20240819_151702-1024x577.jpg\" alt=\"\" class=\"wp-image-3822\" srcset=\"https:\/\/www.improetcompagnie.com\/wp_legacy\/wp-content\/uploads\/2024\/08\/20240819_151702-1024x577.jpg 1024w, https:\/\/www.improetcompagnie.com\/wp_legacy\/wp-content\/uploads\/2024\/08\/20240819_151702-300x169.jpg 300w, https:\/\/www.improetcompagnie.com\/wp_legacy\/wp-content\/uploads\/2024\/08\/20240819_151702-768x432.jpg 768w, https:\/\/www.improetcompagnie.com\/wp_legacy\/wp-content\/uploads\/2024\/08\/20240819_151702-1536x865.jpg 1536w, https:\/\/www.improetcompagnie.com\/wp_legacy\/wp-content\/uploads\/2024\/08\/20240819_151702-2048x1153.jpg 2048w\" sizes=\"auto, (max-width: 1024px) 100vw, 1024px\" \/><\/a><\/figure>\n\n\n\n<figure class=\"wp-block-image size-large\"><a href=\"https:\/\/www.improetcompagnie.com\/wp-content\/uploads\/2024\/08\/20240819_153422-scaled.jpg\"><img loading=\"lazy\" decoding=\"async\" width=\"1024\" height=\"577\" data-id=\"3824\" src=\"https:\/\/www.improetcompagnie.com\/wp-content\/uploads\/2024\/08\/20240819_153422-1024x577.jpg\" alt=\"\" class=\"wp-image-3824\" srcset=\"https:\/\/www.improetcompagnie.com\/wp_legacy\/wp-content\/uploads\/2024\/08\/20240819_153422-1024x577.jpg 1024w, https:\/\/www.improetcompagnie.com\/wp_legacy\/wp-content\/uploads\/2024\/08\/20240819_153422-300x169.jpg 300w, https:\/\/www.improetcompagnie.com\/wp_legacy\/wp-content\/uploads\/2024\/08\/20240819_153422-768x432.jpg 768w, https:\/\/www.improetcompagnie.com\/wp_legacy\/wp-content\/uploads\/2024\/08\/20240819_153422-1536x865.jpg 1536w, https:\/\/www.improetcompagnie.com\/wp_legacy\/wp-content\/uploads\/2024\/08\/20240819_153422-2048x1153.jpg 2048w\" sizes=\"auto, (max-width: 1024px) 100vw, 1024px\" \/><\/a><\/figure>\n\n\n\n<figure class=\"wp-block-image size-large\"><a href=\"https:\/\/www.improetcompagnie.com\/wp-content\/uploads\/2024\/08\/20240819_153905-scaled.jpg\"><img loading=\"lazy\" decoding=\"async\" width=\"1024\" height=\"577\" data-id=\"3825\" src=\"https:\/\/www.improetcompagnie.com\/wp-content\/uploads\/2024\/08\/20240819_153905-1024x577.jpg\" alt=\"\" class=\"wp-image-3825\" srcset=\"https:\/\/www.improetcompagnie.com\/wp_legacy\/wp-content\/uploads\/2024\/08\/20240819_153905-1024x577.jpg 1024w, https:\/\/www.improetcompagnie.com\/wp_legacy\/wp-content\/uploads\/2024\/08\/20240819_153905-300x169.jpg 300w, https:\/\/www.improetcompagnie.com\/wp_legacy\/wp-content\/uploads\/2024\/08\/20240819_153905-768x432.jpg 768w, https:\/\/www.improetcompagnie.com\/wp_legacy\/wp-content\/uploads\/2024\/08\/20240819_153905-1536x865.jpg 1536w, https:\/\/www.improetcompagnie.com\/wp_legacy\/wp-content\/uploads\/2024\/08\/20240819_153905-2048x1153.jpg 2048w\" sizes=\"auto, (max-width: 1024px) 100vw, 1024px\" \/><\/a><\/figure>\n<\/figure>\n<\/div>\n\n\n\n<p>Notre compagnie de th\u00e9\u00e2tre loue son local pour des associations, des compagnies ou des entreprises qui souhaitent un lieu pour r\u00e9p\u00e9ter, donner des cours, des stages, etc.<br>Il y a des cr\u00e9neaux de disponibles en demi-journ\u00e9e, journ\u00e9e, ou week-end. De mani\u00e8re ponctuelle ou bien r\u00e9guli\u00e8re tout au long de l\u2019ann\u00e9e.<br>Les r\u00e9sidences peuvent \u00eatre accueillies sous conditions. Envoyez-nous votre demande et nous l\u2019\u00e9tudierons.<br><br><strong>Lieu&nbsp;:<\/strong> 52 rue Franklin 69002 Lyon<\/p>\n\n\n\n<div class=\"wp-block-columns is-layout-flex wp-container-core-columns-is-layout-28f84493 wp-block-columns-is-layout-flex\">\n<div class=\"wp-block-column is-layout-flow wp-block-column-is-layout-flow\">\n<p><strong>SALLE DE R\u00c9P\u00c9TITION DE 48m\u00b2<\/strong><br>Equipements&nbsp;:<\/p>\n\n\n\n<ul class=\"wp-block-list\">\n<li>Console lumi\u00e8re<\/li>\n\n\n\n<li>Plan de feu&nbsp;: lumi\u00e8res faces\/lat\u00e9rales et contres<\/li>\n\n\n\n<li>Console son<\/li>\n\n\n\n<li>Chaises pliantes et cubes de sc\u00e8ne<\/li>\n\n\n\n<li>Tableau v\u00e9l\u00e9da sur roulettes<\/li>\n<\/ul>\n<\/div>\n\n\n\n<div class=\"wp-block-column is-layout-flow wp-block-column-is-layout-flow\">\n<p><strong>SALLE DE D\u00c9TENTE ET DE R\u00c9UNION DE 41m\u00b2<\/strong><br>\u00c9quipements&nbsp;:<\/p>\n\n\n\n<ul class=\"wp-block-list\">\n<li>R\u00e9frig\u00e9rateur<\/li>\n\n\n\n<li>Micro-onde, vaisselle<\/li>\n\n\n\n<li>Caf\u00e9 et th\u00e9 disponible<\/li>\n\n\n\n<li>Toilettes et douche<\/li>\n<\/ul>\n<\/div>\n<\/div>\n\n\n\n<p>Pour plus d\u2019informations contactez-nous \u00e0 local@improetcompagnie.com<\/p>\n\n\n\n<div class=\"wp-block-buttons is-horizontal is-content-justification-center is-layout-flex wp-container-core-buttons-is-layout-03627597 wp-block-buttons-is-layout-flex\"><\/div>\n\n\n\n<div style=\"height:64px\" aria-hidden=\"true\" class=\"wp-block-spacer\"><\/div>\n<\/div>\n","protected":false},"excerpt":{"rendered":"<p>LOUER NOTRE LOCAL Notre compagnie de th\u00e9\u00e2tre loue son local pour des associations, des compagnies ou des entreprises qui souhaitent [&hellip;]<\/p>\n","protected":false},"author":2,"featured_media":0,"parent":0,"menu_order":0,"comment_status":"open","ping_status":"open","template":"","meta":{"_uag_custom_page_level_css":"","site-sidebar-layout":"default","site-content-layout":"","ast-site-content-layout":"default","site-content-style":"default","site-sidebar-style":"default","ast-global-header-display":"","ast-banner-title-visibility":"","ast-main-header-display":"","ast-hfb-above-header-display":"","ast-hfb-below-header-display":"","ast-hfb-mobile-header-display":"","site-post-title":"disabled","ast-breadcrumbs-content":"","ast-featured-img":"","footer-sml-layout":"","theme-transparent-header-meta":"","adv-header-id-meta":"","stick-header-meta":"","header-above-stick-meta":"","header-main-stick-meta":"","header-below-stick-meta":"","astra-migrate-meta-layouts":"default","ast-page-background-enabled":"default","ast-page-background-meta":{"desktop":{"background-color":"var(--ast-global-color-4)","background-image":"","background-repeat":"repeat","background-position":"center center","background-size":"auto","background-attachment":"scroll","background-type":"","background-media":"","overlay-type":"","overlay-color":"","overlay-opacity":"","overlay-gradient":""},"tablet":{"background-color":"","background-image":"","background-repeat":"repeat","background-position":"center center","background-size":"auto","background-attachment":"scroll","background-type":"","background-media":"","overlay-type":"","overlay-color":"","overlay-opacity":"","overlay-gradient":""},"mobile":{"background-color":"","background-image":"","background-repeat":"repeat","background-position":"center center","background-size":"auto","background-attachment":"scroll","background-type":"","background-media":"","overlay-type":"","overlay-color":"","overlay-opacity":"","overlay-gradient":""}},"ast-content-background-meta":{"desktop":{"background-color":"var(--ast-global-color-5)","background-image":"","background-repeat":"repeat","background-position":"center center","background-size":"auto","background-attachment":"scroll","background-type":"","background-media":"","overlay-type":"","overlay-color":"","overlay-opacity":"","overlay-gradient":""},"tablet":{"background-color":"var(--ast-global-color-5)","background-image":"","background-repeat":"repeat","background-position":"center center","background-size":"auto","background-attachment":"scroll","background-type":"","background-media":"","overlay-type":"","overlay-color":"","overlay-opacity":"","overlay-gradient":""},"mobile":{"background-color":"var(--ast-global-color-5)","background-image":"","background-repeat":"repeat","background-position":"center center","background-size":"auto","background-attachment":"scroll","background-type":"","background-media":"","overlay-type":"","overlay-color":"","overlay-opacity":"","overlay-gradient":""}},"footnotes":""},"class_list":["post-3799","page","type-page","status-publish","hentry"],"uagb_featured_image_src":{"full":false,"thumbnail":false,"medium":false,"medium_large":false,"large":false,"1536x1536":false,"2048x2048":false},"uagb_author_info":{"display_name":"Contact","author_link":"https:\/\/www.improetcompagnie.com\/wp_legacy\/author\/jeanne\/"},"uagb_comment_info":0,"uagb_excerpt":"LOUER NOTRE LOCAL Notre compagnie de th\u00e9\u00e2tre loue son local pour des associations, des compagnies ou des entreprises qui souhaitent [&hellip;]","_links":{"self":[{"href":"https:\/\/www.improetcompagnie.com\/wp_legacy\/wp-json\/wp\/v2\/pages\/3799","targetHints":{"allow":["GET"]}}],"collection":[{"href":"https:\/\/www.improetcompagnie.com\/wp_legacy\/wp-json\/wp\/v2\/pages"}],"about":[{"href":"https:\/\/www.improetcompagnie.com\/wp_legacy\/wp-json\/wp\/v2\/types\/page"}],"author":[{"embeddable":true,"href":"https:\/\/www.improetcompagnie.com\/wp_legacy\/wp-json\/wp\/v2\/users\/2"}],"replies":[{"embeddable":true,"href":"https:\/\/www.improetcompagnie.com\/wp_legacy\/wp-json\/wp\/v2\/comments?post=3799"}],"version-history":[{"count":20,"href":"https:\/\/www.improetcompagnie.com\/wp_legacy\/wp-json\/wp\/v2\/pages\/3799\/revisions"}],"predecessor-version":[{"id":3863,"href":"https:\/\/www.improetcompagnie.com\/wp_legacy\/wp-json\/wp\/v2\/pages\/3799\/revisions\/3863"}],"wp:attachment":[{"href":"https:\/\/www.improetcompagnie.com\/wp_legacy\/wp-json\/wp\/v2\/media?parent=3799"}],"curies":[{"name":"wp","href":"https:\/\/api.w.org\/{rel}","templated":true}]}}